{"id":1679,"date":"2025-03-18T18:33:06","date_gmt":"2025-03-18T18:33:06","guid":{"rendered":"https:\/\/test29980.futurehost.pl\/index.php\/%d0%b2%d0%bd%d1%83%d1%82%d1%80%d1%96%d1%88%d0%bd%d1%8c%d0%be%d1%81%d0%bf%d1%96%d0%bb%d0%ba%d0%be%d0%b2%d1%96-%d0%bf%d0%be%d0%bb%d0%be%d0%b6%d0%b5%d0%bd%d0%bd%d1%8f\/"},"modified":"2025-05-07T16:54:05","modified_gmt":"2025-05-07T16:54:05","slug":"%d0%b2%d0%bd%d1%83%d1%82%d1%80%d1%96%d1%88%d0%bd%d1%8c%d0%be%d1%81%d0%bf%d1%96%d0%bb%d0%ba%d0%be%d0%b2%d1%96-%d0%bf%d0%be%d0%bb%d0%be%d0%b6%d0%b5%d0%bd%d0%bd%d1%8f","status":"publish","type":"page","link":"https:\/\/test29980.futurehost.pl\/uk\/%d0%b2%d0%bd%d1%83%d1%82%d1%80%d1%96%d1%88%d0%bd%d1%8c%d0%be%d1%81%d0%bf%d1%96%d0%bb%d0%ba%d0%be%d0%b2%d1%96-%d0%bf%d0%be%d0%bb%d0%be%d0%b6%d0%b5%d0%bd%d0%bd%d1%8f\/","title":{"rendered":"\u0412\u043d\u0443\u0442\u0440\u0456\u0448\u043d\u044c\u043e\u0441\u043f\u0456\u043b\u043a\u043e\u0432\u0456 \u043f\u043e\u043b\u043e\u0436\u0435\u043d\u043d\u044f"},"content":{"rendered":"\t\t<div data-elementor-type=\"wp-page\" data-elementor-id=\"1679\" class=\"elementor elementor-1679 elementor-165\" data-elementor-post-type=\"page\">\n\t\t\t\t<div class=\"elementor-element elementor-element-a821507 e-flex e-con-boxed e-con e-parent\" data-id=\"a821507\" data-element_type=\"container\">\n\t\t\t\t\t<div class=\"e-con-inner\">\n\t\t\t\t<div class=\"elementor-element elementor-element-cc1df7a elementor-widget elementor-widget-ucaddon_annotation\" data-id=\"cc1df7a\" data-element_type=\"widget\" data-widget_type=\"ucaddon_annotation.default\">\n\t\t\t\t<div class=\"elementor-widget-container\">\n\t\t\t\t\t\n<!-- start Annotation -->\n<style>\/* widget: Annotation *\/\n\n#uc_annotation_elementor_cc1df7a{\n  min-height: 1px;\n}\n\n#uc_annotation_elementor_cc1df7a .ue-annotation-annotation-text{\n  display: inline-block;\n  position: relative;\n}\n\n\/* reset link style *\/\n#uc_annotation_elementor_cc1df7a .ue-annotation-link{\n  color: unset;\n  font-family: unset;\n  font-size: unset;\n  font-weight: unset;\n}\n\n<\/style>\n\n\n<div id=\"uc_annotation_elementor_cc1df7a\" class=\"ue-annotation\">\n      <div class=\"ue-annotation-wrapper\"><span class=\"ue-annotation-before-text\"><\/span> <span class=\"ue-annotation-annotation-text\">\u0412\u041d\u0423\u0422\u0420\u0406\u0428\u041d\u0406 \u041f\u0420\u0410\u0412\u0418\u041b\u0410 \u041f\u0420\u041e\u0424\u0421\u041f\u0406\u041b\u041a\u0418<\/span> <span class=\"ue-annotation-after-text\"><\/span><\/div> \n  <\/div>\n<!-- end Annotation -->\t\t\t\t<\/div>\n\t\t\t\t<\/div>\n\t\t\t\t\t<\/div>\n\t\t\t\t<\/div>\n\t\t<div class=\"elementor-element elementor-element-19274ca e-grid e-con-boxed e-con e-parent\" data-id=\"19274ca\" data-element_type=\"container\">\n\t\t\t\t\t<div class=\"e-con-inner\">\n\t\t\t\t<div class=\"elementor-element elementor-element-7fe1c14 elementor-widget elementor-widget-ucaddon_square_icon_box\" data-id=\"7fe1c14\" data-element_type=\"widget\" data-widget_type=\"ucaddon_square_icon_box.default\">\n\t\t\t\t<div class=\"elementor-widget-container\">\n\t\t\t\t\t\n<!-- start Icon Box -->\n\t\t<link id='font-awesome-css' href='https:\/\/test29980.futurehost.pl\/wp-content\/plugins\/unlimited-elements-for-elementor-premium\/assets_libraries\/font-awesome6\/fontawesome-all.min.css' type='text\/css' rel='stylesheet' >\n\t\t<link id='font-awesome-4-shim-css' href='https:\/\/test29980.futurehost.pl\/wp-content\/plugins\/unlimited-elements-for-elementor-premium\/assets_libraries\/font-awesome6\/fontawesome-v4-shims.min.css' type='text\/css' rel='stylesheet' >\n\n<style>\/* widget: Icon Box *\/\n\n#uc_square_icon_box_elementor_7fe1c14 * { \n\tbox-sizing: border-box; \n}\n\n#uc_square_icon_box_elementor_7fe1c14{\n\tfont-family: inherit;\n    transition:0.3s;\n    position:relative;\n}\n\n#uc_square_icon_box_elementor_7fe1c14 .blox-boxed-small-square-icon-box-icon{\n\t\n\tposition:relative;\n    display:flex;\n    justify-content:center;\n    align-items:center;\n    transform:rotate(0deg);\n    z-index:2;\n}\n#uc_square_icon_box_elementor_7fe1c14 .ue-icon {\n  display:inline-block;\n}\n#uc_square_icon_box_elementor_7fe1c14 .blox-boxed-small-square-icon-box-icon > div{\n\t\n\tposition:relative;\n    display:flex;\n    justify-content:center;\n    align-items:center;\n    transform:rotate(-0deg);\n}\n#uc_square_icon_box_elementor_7fe1c14 .ue-icon-inner{\n    line-height:1em;\n\t} \t\n\n\n#uc_square_icon_box_elementor_7fe1c14 .ue-icon-inner svg{\n    height:1em;\n    width:1em;\n\t} \t\n\t\n.blox-boxed-small-square-icon-box-heading{\n\tfont-size:21px;\n\t}\n\n\n#uc_square_icon_box_elementor_7fe1c14:hover\n{\n  position:relative;\n  z-index:1;\n}\n\n\n#uc_square_icon_box_elementor_7fe1c14 .ue_box_button\n{\n  text-align:center;\n  text-decoration:none;\n  display:inline-block;\n  transition:0.3s;\n}\n\n\n#uc_square_icon_box_elementor_7fe1c14 span.line\n{\n  display:block;\n  position:absolute;\n  top:0;\n  left:0;\n  width:0px;\n  transition:0.3s;\n}\n\n#uc_square_icon_box_elementor_7fe1c14:hover span.line\n{\n  width:100%;\n}\n\n#uc_square_icon_box_elementor_7fe1c14 .ue-title-separator span\n{\n  display:inline-block;\n  transition:0.3s;\n}\n\n\n\n  \t\t#uc_square_icon_box_elementor_7fe1c14 .ue_box_link_overlay\n     {\n       position:absolute;\n       display:block;\n       top:0;\n       bottom:0;\n       right:0;\n       left:0;\n     }\n\n\n<\/style>\n\n<div class=\"square_icon_box \" id=\"uc_square_icon_box_elementor_7fe1c14\">\n  \n  \t\t  \n  \n              <div class=\"ue-icon\">\n       <a style=\"display:inline-block; text-decoration:none;\" href=\"https:\/\/test29980.futurehost.pl\/wp-content\/uploads\/2025\/05\/Ustawa-o-SIP.pdf\" >         <div class=\"blox-boxed-small-square-icon-box-icon\" style=\"background-color: ;\">\n           <div class=\"ue-icon-inner\"><i class='fas fa-file'><\/i><\/div>\n         <\/div>\n       <\/a>       <\/div>\n         \n  \t\t  \n  \t\t  \n  \n                <div class=\"blox-boxed-small-square-icon-box-content\">\n        \t<p>USTAWA O SPO\u0141ECZNEJ INSPEKCJI PRACY (PDF)<\/p>\n        <\/div>\n          \n  \t\t        \n          \n  \t\t  \t\t<a href=\"https:\/\/test29980.futurehost.pl\/wp-content\/uploads\/2025\/05\/Ustawa-o-SIP.pdf\" class=\"ue_box_link_overlay\" > <\/a>\n          \n<\/div>\n<!-- end Icon Box -->\t\t\t\t<\/div>\n\t\t\t\t<\/div>\n\t\t\t\t<div class=\"elementor-element elementor-element-a76e343 elementor-widget elementor-widget-ucaddon_square_icon_box\" data-id=\"a76e343\" data-element_type=\"widget\" data-widget_type=\"ucaddon_square_icon_box.default\">\n\t\t\t\t<div class=\"elementor-widget-container\">\n\t\t\t\t\t\n<!-- start Icon Box -->\n\n<style>\/* widget: Icon Box *\/\n\n#uc_square_icon_box_elementor_a76e343 * { \n\tbox-sizing: border-box; \n}\n\n#uc_square_icon_box_elementor_a76e343{\n\tfont-family: inherit;\n    transition:0.3s;\n    position:relative;\n}\n\n#uc_square_icon_box_elementor_a76e343 .blox-boxed-small-square-icon-box-icon{\n\t\n\tposition:relative;\n    display:flex;\n    justify-content:center;\n    align-items:center;\n    transform:rotate(0deg);\n    z-index:2;\n}\n#uc_square_icon_box_elementor_a76e343 .ue-icon {\n  display:inline-block;\n}\n#uc_square_icon_box_elementor_a76e343 .blox-boxed-small-square-icon-box-icon > div{\n\t\n\tposition:relative;\n    display:flex;\n    justify-content:center;\n    align-items:center;\n    transform:rotate(-0deg);\n}\n#uc_square_icon_box_elementor_a76e343 .ue-icon-inner{\n    line-height:1em;\n\t} \t\n\n\n#uc_square_icon_box_elementor_a76e343 .ue-icon-inner svg{\n    height:1em;\n    width:1em;\n\t} \t\n\t\n.blox-boxed-small-square-icon-box-heading{\n\tfont-size:21px;\n\t}\n\n\n#uc_square_icon_box_elementor_a76e343:hover\n{\n  position:relative;\n  z-index:1;\n}\n\n\n#uc_square_icon_box_elementor_a76e343 .ue_box_button\n{\n  text-align:center;\n  text-decoration:none;\n  display:inline-block;\n  transition:0.3s;\n}\n\n\n#uc_square_icon_box_elementor_a76e343 span.line\n{\n  display:block;\n  position:absolute;\n  top:0;\n  left:0;\n  width:0px;\n  transition:0.3s;\n}\n\n#uc_square_icon_box_elementor_a76e343:hover span.line\n{\n  width:100%;\n}\n\n#uc_square_icon_box_elementor_a76e343 .ue-title-separator span\n{\n  display:inline-block;\n  transition:0.3s;\n}\n\n\n\n  \t\t#uc_square_icon_box_elementor_a76e343 .ue_box_link_overlay\n     {\n       position:absolute;\n       display:block;\n       top:0;\n       bottom:0;\n       right:0;\n       left:0;\n     }\n\n\n<\/style>\n\n<div class=\"square_icon_box \" id=\"uc_square_icon_box_elementor_a76e343\">\n  \n  \t\t  \n  \n              <div class=\"ue-icon\">\n       <a style=\"display:inline-block; text-decoration:none;\" href=\"https:\/\/test29980.futurehost.pl\/wp-content\/uploads\/2025\/05\/Ustawa-o-Zwiazkach-Zawodowych.pdf\" >         <div class=\"blox-boxed-small-square-icon-box-icon\" style=\"background-color: ;\">\n           <div class=\"ue-icon-inner\"><i class='fas fa-file'><\/i><\/div>\n         <\/div>\n       <\/a>       <\/div>\n         \n  \t\t  \n  \t\t  \n  \n                <div class=\"blox-boxed-small-square-icon-box-content\">\n        \t<p>USTAWA O ZWI\u0104ZKACH ZAWODOWYCH (PDF)<\/p>\n        <\/div>\n          \n  \t\t        \n          \n  \t\t  \t\t<a href=\"https:\/\/test29980.futurehost.pl\/wp-content\/uploads\/2025\/05\/Ustawa-o-Zwiazkach-Zawodowych.pdf\" class=\"ue_box_link_overlay\" > <\/a>\n          \n<\/div>\n<!-- end Icon Box -->\t\t\t\t<\/div>\n\t\t\t\t<\/div>\n\t\t\t\t<div class=\"elementor-element elementor-element-d7ab984 elementor-widget elementor-widget-ucaddon_square_icon_box\" data-id=\"d7ab984\" data-element_type=\"widget\" data-widget_type=\"ucaddon_square_icon_box.default\">\n\t\t\t\t<div class=\"elementor-widget-container\">\n\t\t\t\t\t\n<!-- start Icon Box -->\n\n<style>\/* widget: Icon Box *\/\n\n#uc_square_icon_box_elementor_d7ab984 * { \n\tbox-sizing: border-box; \n}\n\n#uc_square_icon_box_elementor_d7ab984{\n\tfont-family: inherit;\n    transition:0.3s;\n    position:relative;\n}\n\n#uc_square_icon_box_elementor_d7ab984 .blox-boxed-small-square-icon-box-icon{\n\t\n\tposition:relative;\n    display:flex;\n    justify-content:center;\n    align-items:center;\n    transform:rotate(0deg);\n    z-index:2;\n}\n#uc_square_icon_box_elementor_d7ab984 .ue-icon {\n  display:inline-block;\n}\n#uc_square_icon_box_elementor_d7ab984 .blox-boxed-small-square-icon-box-icon > div{\n\t\n\tposition:relative;\n    display:flex;\n    justify-content:center;\n    align-items:center;\n    transform:rotate(-0deg);\n}\n#uc_square_icon_box_elementor_d7ab984 .ue-icon-inner{\n    line-height:1em;\n\t} \t\n\n\n#uc_square_icon_box_elementor_d7ab984 .ue-icon-inner svg{\n    height:1em;\n    width:1em;\n\t} \t\n\t\n.blox-boxed-small-square-icon-box-heading{\n\tfont-size:21px;\n\t}\n\n\n#uc_square_icon_box_elementor_d7ab984:hover\n{\n  position:relative;\n  z-index:1;\n}\n\n\n#uc_square_icon_box_elementor_d7ab984 .ue_box_button\n{\n  text-align:center;\n  text-decoration:none;\n  display:inline-block;\n  transition:0.3s;\n}\n\n\n#uc_square_icon_box_elementor_d7ab984 span.line\n{\n  display:block;\n  position:absolute;\n  top:0;\n  left:0;\n  width:0px;\n  transition:0.3s;\n}\n\n#uc_square_icon_box_elementor_d7ab984:hover span.line\n{\n  width:100%;\n}\n\n#uc_square_icon_box_elementor_d7ab984 .ue-title-separator span\n{\n  display:inline-block;\n  transition:0.3s;\n}\n\n\n\n  \t\t#uc_square_icon_box_elementor_d7ab984 .ue_box_link_overlay\n     {\n       position:absolute;\n       display:block;\n       top:0;\n       bottom:0;\n       right:0;\n       left:0;\n     }\n\n\n<\/style>\n\n<div class=\"square_icon_box \" id=\"uc_square_icon_box_elementor_d7ab984\">\n  \n  \t\t  \n  \n              <div class=\"ue-icon\">\n       <a style=\"display:inline-block; text-decoration:none;\" href=\"https:\/\/test29980.futurehost.pl\/wp-content\/uploads\/2025\/05\/STATUT_NSZZ_.pdf\" >         <div class=\"blox-boxed-small-square-icon-box-icon\" style=\"background-color: ;\">\n           <div class=\"ue-icon-inner\"><i class='fas fa-file'><\/i><\/div>\n         <\/div>\n       <\/a>       <\/div>\n         \n  \t\t  \n  \t\t  \n  \n                <div class=\"blox-boxed-small-square-icon-box-content\">\n        \t<p>STATUT NSZZ \u201eSOLIDARNO\u015a\u0106\u201d (PDF)<\/p>\n        <\/div>\n          \n  \t\t        \n          \n  \t\t  \t\t<a href=\"https:\/\/test29980.futurehost.pl\/wp-content\/uploads\/2025\/05\/STATUT_NSZZ_.pdf\" class=\"ue_box_link_overlay\" > <\/a>\n          \n<\/div>\n<!-- end Icon Box -->\t\t\t\t<\/div>\n\t\t\t\t<\/div>\n\t\t\t\t<div class=\"elementor-element elementor-element-d4b1f8e elementor-widget elementor-widget-ucaddon_square_icon_box\" data-id=\"d4b1f8e\" data-element_type=\"widget\" data-widget_type=\"ucaddon_square_icon_box.default\">\n\t\t\t\t<div class=\"elementor-widget-container\">\n\t\t\t\t\t\n<!-- start Icon Box -->\n\n<style>\/* widget: Icon Box *\/\n\n#uc_square_icon_box_elementor_d4b1f8e * { \n\tbox-sizing: border-box; \n}\n\n#uc_square_icon_box_elementor_d4b1f8e{\n\tfont-family: inherit;\n    transition:0.3s;\n    position:relative;\n}\n\n#uc_square_icon_box_elementor_d4b1f8e .blox-boxed-small-square-icon-box-icon{\n\t\n\tposition:relative;\n    display:flex;\n    justify-content:center;\n    align-items:center;\n    transform:rotate(0deg);\n    z-index:2;\n}\n#uc_square_icon_box_elementor_d4b1f8e .ue-icon {\n  display:inline-block;\n}\n#uc_square_icon_box_elementor_d4b1f8e .blox-boxed-small-square-icon-box-icon > div{\n\t\n\tposition:relative;\n    display:flex;\n    justify-content:center;\n    align-items:center;\n    transform:rotate(-0deg);\n}\n#uc_square_icon_box_elementor_d4b1f8e .ue-icon-inner{\n    line-height:1em;\n\t} \t\n\n\n#uc_square_icon_box_elementor_d4b1f8e .ue-icon-inner svg{\n    height:1em;\n    width:1em;\n\t} \t\n\t\n.blox-boxed-small-square-icon-box-heading{\n\tfont-size:21px;\n\t}\n\n\n#uc_square_icon_box_elementor_d4b1f8e:hover\n{\n  position:relative;\n  z-index:1;\n}\n\n\n#uc_square_icon_box_elementor_d4b1f8e .ue_box_button\n{\n  text-align:center;\n  text-decoration:none;\n  display:inline-block;\n  transition:0.3s;\n}\n\n\n#uc_square_icon_box_elementor_d4b1f8e span.line\n{\n  display:block;\n  position:absolute;\n  top:0;\n  left:0;\n  width:0px;\n  transition:0.3s;\n}\n\n#uc_square_icon_box_elementor_d4b1f8e:hover span.line\n{\n  width:100%;\n}\n\n#uc_square_icon_box_elementor_d4b1f8e .ue-title-separator span\n{\n  display:inline-block;\n  transition:0.3s;\n}\n\n\n\n  \t\t#uc_square_icon_box_elementor_d4b1f8e .ue_box_link_overlay\n     {\n       position:absolute;\n       display:block;\n       top:0;\n       bottom:0;\n       right:0;\n       left:0;\n     }\n\n\n<\/style>\n\n<div class=\"square_icon_box \" id=\"uc_square_icon_box_elementor_d4b1f8e\">\n  \n  \t\t  \n  \n              <div class=\"ue-icon\">\n       <a style=\"display:inline-block; text-decoration:none;\" href=\"https:\/\/test29980.futurehost.pl\/wp-content\/uploads\/2025\/05\/Uchwala_o-skladka-czlonkowska.pdf\" >         <div class=\"blox-boxed-small-square-icon-box-icon\" style=\"background-color: ;\">\n           <div class=\"ue-icon-inner\"><i class='fas fa-file'><\/i><\/div>\n         <\/div>\n       <\/a>       <\/div>\n         \n  \t\t  \n  \t\t  \n  \n                <div class=\"blox-boxed-small-square-icon-box-content\">\n        \t<p>UCHWA\u0141A O SK\u0141ADCE CZ\u0141ONKOWSKIEJ (PDF)<\/p>\n        <\/div>\n          \n  \t\t        \n          \n  \t\t  \t\t<a href=\"https:\/\/test29980.futurehost.pl\/wp-content\/uploads\/2025\/05\/Uchwala_o-skladka-czlonkowska.pdf\" class=\"ue_box_link_overlay\" > <\/a>\n          \n<\/div>\n<!-- end Icon Box -->\t\t\t\t<\/div>\n\t\t\t\t<\/div>\n\t\t\t\t<div class=\"elementor-element elementor-element-d39ce40 elementor-widget elementor-widget-ucaddon_square_icon_box\" data-id=\"d39ce40\" data-element_type=\"widget\" data-widget_type=\"ucaddon_square_icon_box.default\">\n\t\t\t\t<div class=\"elementor-widget-container\">\n\t\t\t\t\t\n<!-- start Icon Box -->\n\n<style>\/* widget: Icon Box *\/\n\n#uc_square_icon_box_elementor_d39ce40 * { \n\tbox-sizing: border-box; \n}\n\n#uc_square_icon_box_elementor_d39ce40{\n\tfont-family: inherit;\n    transition:0.3s;\n    position:relative;\n}\n\n#uc_square_icon_box_elementor_d39ce40 .blox-boxed-small-square-icon-box-icon{\n\t\n\tposition:relative;\n    display:flex;\n    justify-content:center;\n    align-items:center;\n    transform:rotate(0deg);\n    z-index:2;\n}\n#uc_square_icon_box_elementor_d39ce40 .ue-icon {\n  display:inline-block;\n}\n#uc_square_icon_box_elementor_d39ce40 .blox-boxed-small-square-icon-box-icon > div{\n\t\n\tposition:relative;\n    display:flex;\n    justify-content:center;\n    align-items:center;\n    transform:rotate(-0deg);\n}\n#uc_square_icon_box_elementor_d39ce40 .ue-icon-inner{\n    line-height:1em;\n\t} \t\n\n\n#uc_square_icon_box_elementor_d39ce40 .ue-icon-inner svg{\n    height:1em;\n    width:1em;\n\t} \t\n\t\n.blox-boxed-small-square-icon-box-heading{\n\tfont-size:21px;\n\t}\n\n\n#uc_square_icon_box_elementor_d39ce40:hover\n{\n  position:relative;\n  z-index:1;\n}\n\n\n#uc_square_icon_box_elementor_d39ce40 .ue_box_button\n{\n  text-align:center;\n  text-decoration:none;\n  display:inline-block;\n  transition:0.3s;\n}\n\n\n#uc_square_icon_box_elementor_d39ce40 span.line\n{\n  display:block;\n  position:absolute;\n  top:0;\n  left:0;\n  width:0px;\n  transition:0.3s;\n}\n\n#uc_square_icon_box_elementor_d39ce40:hover span.line\n{\n  width:100%;\n}\n\n#uc_square_icon_box_elementor_d39ce40 .ue-title-separator span\n{\n  display:inline-block;\n  transition:0.3s;\n}\n\n\n\n  \t\t#uc_square_icon_box_elementor_d39ce40 .ue_box_link_overlay\n     {\n       position:absolute;\n       display:block;\n       top:0;\n       bottom:0;\n       right:0;\n       left:0;\n     }\n\n\n<\/style>\n\n<div class=\"square_icon_box \" id=\"uc_square_icon_box_elementor_d39ce40\">\n  \n  \t\t  \n  \n              <div class=\"ue-icon\">\n       <a style=\"display:inline-block; text-decoration:none;\" href=\"https:\/\/www.solidarnosc.org.pl\/dokumenty\/statutowo-wyborcze\/statut-nszz-solidarnosc\/spis-uchwal-i-dokumentow-okolostatutowych\/\" >         <div class=\"blox-boxed-small-square-icon-box-icon\" style=\"background-color: ;\">\n           <div class=\"ue-icon-inner\"><i class='fas fa-link'><\/i><\/div>\n         <\/div>\n       <\/a>       <\/div>\n         \n  \t\t  \n  \t\t  \n  \n                <div class=\"blox-boxed-small-square-icon-box-content\">\n        \t<p>SPIS UCHWA\u0141 I DOKUMENT\u00d3W OKO\u0141OSTATUTOWYCH<\/p>\n        <\/div>\n          \n  \t\t        \n          \n  \t\t  \t\t<a href=\"https:\/\/www.solidarnosc.org.pl\/dokumenty\/statutowo-wyborcze\/statut-nszz-solidarnosc\/spis-uchwal-i-dokumentow-okolostatutowych\/\" class=\"ue_box_link_overlay\" > <\/a>\n          \n<\/div>\n<!-- end Icon Box -->\t\t\t\t<\/div>\n\t\t\t\t<\/div>\n\t\t\t\t\t<\/div>\n\t\t\t\t<\/div>\n\t\t\t\t<\/div>\n\t\t","protected":false},"excerpt":{"rendered":"<p>\u0412\u041d\u0423\u0422\u0420\u0406\u0428\u041d\u0406 \u041f\u0420\u0410\u0412\u0418\u041b\u0410 \u041f\u0420\u041e\u0424\u0421\u041f\u0406\u041b\u041a\u0418 USTAWA O SPO\u0141ECZNEJ INSPEKCJI PRACY (PDF) USTAWA O ZWI\u0104ZKACH ZAWODOWYCH (PDF) STATUT NSZZ \u201eSOLIDARNO\u015a\u0106\u201d (PDF) UCHWA\u0141A O SK\u0141ADCE CZ\u0141ONKOWSKIEJ (PDF) SPIS UCHWA\u0141 I DOKUMENT\u00d3W OKO\u0141OSTATUTOWYCH<\/p>\n","protected":false},"author":1,"featured_media":0,"parent":0,"menu_order":0,"comment_status":"closed","ping_status":"closed","template":"","meta":{"site-sidebar-layout":"no-sidebar","site-content-layout":"","ast-site-content-layout":"full-width-container","site-content-style":"default","site-sidebar-style":"default","ast-global-header-display":"","ast-banner-title-visibility":"","ast-main-header-display":"","ast-hfb-above-header-display":"","ast-hfb-below-header-display":"","ast-hfb-mobile-header-display":"","site-post-title":"disabled","ast-breadcrumbs-content":"","ast-featured-img":"disabled","footer-sml-layout":"","theme-transparent-header-meta":"default","adv-header-id-meta":"","stick-header-meta":"","header-above-stick-meta":"","header-main-stick-meta":"","header-below-stick-meta":"","astra-migrate-meta-layouts":"default","ast-page-background-enabled":"default","ast-page-background-meta":{"desktop":{"background-color":"var(--ast-global-color-5)","background-image":"","background-repeat":"repeat","background-position":"center center","background-size":"auto","background-attachment":"scroll","background-type":"","background-media":"","overlay-type":"","overlay-color":"","overlay-opacity":"","overlay-gradient":""},"tablet":{"background-color":"","background-image":"","background-repeat":"repeat","background-position":"center center","background-size":"auto","background-attachment":"scroll","background-type":"","background-media":"","overlay-type":"","overlay-color":"","overlay-opacity":"","overlay-gradient":""},"mobile":{"background-color":"","background-image":"","background-repeat":"repeat","background-position":"center center","background-size":"auto","background-attachment":"scroll","background-type":"","background-media":"","overlay-type":"","overlay-color":"","overlay-opacity":"","overlay-gradient":""}},"ast-content-background-meta":{"desktop":{"background-color":"var(--ast-global-color-4)","background-image":"","background-repeat":"repeat","background-position":"center center","background-size":"auto","background-attachment":"scroll","background-type":"","background-media":"","overlay-type":"","overlay-color":"","overlay-opacity":"","overlay-gradient":""},"tablet":{"background-color":"var(--ast-global-color-4)","background-image":"","background-repeat":"repeat","background-position":"center center","background-size":"auto","background-attachment":"scroll","background-type":"","background-media":"","overlay-type":"","overlay-color":"","overlay-opacity":"","overlay-gradient":""},"mobile":{"background-color":"var(--ast-global-color-4)","background-image":"","background-repeat":"repeat","background-position":"center center","background-size":"auto","background-attachment":"scroll","background-type":"","background-media":"","overlay-type":"","overlay-color":"","overlay-opacity":"","overlay-gradient":""}},"ngg_post_thumbnail":0,"footnotes":""},"class_list":["post-1679","page","type-page","status-publish","hentry"],"_links":{"self":[{"href":"https:\/\/test29980.futurehost.pl\/uk\/wp-json\/wp\/v2\/pages\/1679","targetHints":{"allow":["GET"]}}],"collection":[{"href":"https:\/\/test29980.futurehost.pl\/uk\/wp-json\/wp\/v2\/pages"}],"about":[{"href":"https:\/\/test29980.futurehost.pl\/uk\/wp-json\/wp\/v2\/types\/page"}],"author":[{"embeddable":true,"href":"https:\/\/test29980.futurehost.pl\/uk\/wp-json\/wp\/v2\/users\/1"}],"replies":[{"embeddable":true,"href":"https:\/\/test29980.futurehost.pl\/uk\/wp-json\/wp\/v2\/comments?post=1679"}],"version-history":[{"count":4,"href":"https:\/\/test29980.futurehost.pl\/uk\/wp-json\/wp\/v2\/pages\/1679\/revisions"}],"predecessor-version":[{"id":3411,"href":"https:\/\/test29980.futurehost.pl\/uk\/wp-json\/wp\/v2\/pages\/1679\/revisions\/3411"}],"wp:attachment":[{"href":"https:\/\/test29980.futurehost.pl\/uk\/wp-json\/wp\/v2\/media?parent=1679"}],"curies":[{"name":"wp","href":"https:\/\/api.w.org\/{rel}","templated":true}]}}