{"id":1671,"date":"2025-03-18T16:21:58","date_gmt":"2025-03-18T16:21:58","guid":{"rendered":"https:\/\/test29980.futurehost.pl\/index.php\/%d1%94%d0%b4%d0%bd%d1%96%d1%81%d1%82%d1%8c\/"},"modified":"2025-05-06T11:17:56","modified_gmt":"2025-05-06T11:17:56","slug":"%d1%94%d0%b4%d0%bd%d1%96%d1%81%d1%82%d1%8c","status":"publish","type":"page","link":"https:\/\/test29980.futurehost.pl\/uk\/%d1%94%d0%b4%d0%bd%d1%96%d1%81%d1%82%d1%8c\/","title":{"rendered":"\u0404\u0434\u043d\u0456\u0441\u0442\u044c"},"content":{"rendered":"\t\t<div data-elementor-type=\"wp-page\" data-elementor-id=\"1671\" class=\"elementor elementor-1671 elementor-52\" data-elementor-post-type=\"page\">\n\t\t\t\t<div class=\"elementor-element elementor-element-c71e4ce e-flex e-con-boxed e-con e-parent\" data-id=\"c71e4ce\" data-element_type=\"container\">\n\t\t\t\t\t<div class=\"e-con-inner\">\n\t\t\t\t<div class=\"elementor-element elementor-element-79932ed elementor-widget elementor-widget-ucaddon_annotation\" data-id=\"79932ed\" data-element_type=\"widget\" data-widget_type=\"ucaddon_annotation.default\">\n\t\t\t\t<div class=\"elementor-widget-container\">\n\t\t\t\t\t\n<!-- start Annotation -->\n<style>\/* widget: Annotation *\/\n\n#uc_annotation_elementor_79932ed{\n  min-height: 1px;\n}\n\n#uc_annotation_elementor_79932ed .ue-annotation-annotation-text{\n  display: inline-block;\n  position: relative;\n}\n\n\/* reset link style *\/\n#uc_annotation_elementor_79932ed .ue-annotation-link{\n  color: unset;\n  font-family: unset;\n  font-size: unset;\n  font-weight: unset;\n}\n\n<\/style>\n\n\n<div id=\"uc_annotation_elementor_79932ed\" class=\"ue-annotation\">\n      <div class=\"ue-annotation-wrapper\"><span class=\"ue-annotation-before-text\"><\/span> <span class=\"ue-annotation-annotation-text\">JEDNO\u015a\u0106<\/span> <span class=\"ue-annotation-after-text\"><\/span><\/div> \n  <\/div>\n<!-- end Annotation -->\t\t\t\t<\/div>\n\t\t\t\t<\/div>\n\t\t\t\t<div class=\"elementor-element elementor-element-9bc4222 elementor-widget elementor-widget-ucaddon_posts_search_filter\" data-id=\"9bc4222\" data-element_type=\"widget\" data-widget_type=\"ucaddon_posts_search_filter.default\">\n\t\t\t\t<div class=\"elementor-widget-container\">\n\t\t\t\t\t\n<!-- start Search Filter -->\n\t\t<link id='font-awesome-css' href='https:\/\/test29980.futurehost.pl\/wp-content\/plugins\/unlimited-elements-for-elementor-premium\/assets_libraries\/font-awesome6\/fontawesome-all.min.css' type='text\/css' rel='stylesheet' >\n\t\t<link id='font-awesome-4-shim-css' href='https:\/\/test29980.futurehost.pl\/wp-content\/plugins\/unlimited-elements-for-elementor-premium\/assets_libraries\/font-awesome6\/fontawesome-v4-shims.min.css' type='text\/css' rel='stylesheet' >\n\n<style>\/* widget: Search Filter *\/\n\n#uc_posts_search_filter_elementor_9bc4222-wrapper\n{\n  display:flex;\n}\n\n#uc_posts_search_filter_elementor_9bc4222\n{\n  width:100%;\n}\n#uc_posts_search_filter_elementor_9bc4222 .uc-search-filter__input\n{\n  width:100%;\n  flex-grow:1;\n}\n\n#uc_posts_search_filter_elementor_9bc4222 .uc-search-filter-btn\n{\n  display:flex;\n  align-items:center;\n  flex-grow:0;\n  flex-shrink:0;\n}\n\n#uc_posts_search_filter_elementor_9bc4222 .uc-search-filter-input-wrapper\n{\n  position: relative;\n  display:flex;\n  align-items:center;\n}\n\n\n#uc_posts_search_filter_elementor_9bc4222 .uc-search-filter-btn .ue-btn-icon\n{\n  line-height:1em;\n}\n\n\n\n#uc_posts_search_filter_elementor_9bc4222 .uc-search-filter-btn .ue-btn-icon svg\n{\n  height:1em;\n  width:1em;\n}\n\n#uc_posts_search_filter_elementor_9bc4222 ::-webkit-input-placeholder { \/* Edge *\/\n  color: #909090 !important;\n}\n\n#uc_posts_search_filter_elementor_9bc4222 :-ms-input-placeholder { \/* Internet Explorer 10-11 *\/\n  color: #909090 !important;\n}\n\n#uc_posts_search_filter_elementor_9bc4222 ::placeholder {\n  color: #909090 !important;\n}\n\n#uc_posts_search_filter_elementor_9bc4222 .uc-search-filter-indicator{\n\tposition: absolute;\n  \ttop: 50%;\n    transform: translate(0, -50%);\n    height: 100%;\n  \tdisplay: flex;\n    align-items: center;\n    justify-content: center;\n}\n\n<\/style>\n\n\n<div class=\"uc-search-filter-wrapper\" id=\"uc_posts_search_filter_elementor_9bc4222-wrapper\" >\n  <div id=\"uc_posts_search_filter_elementor_9bc4222\" class=\"uc-search-filter uc-grid-filter\" data-filtertype=\"search\"  > \n\n      \n      <div class=\"uc-search-filter-input-wrapper\">\n\t\t\n        <input type=\"text\" class=\"uc-search-filter__input\" placeholder=\"&#x041F;&#x043E;&#x0448;&#x0443;&#x043A;\" value=\"\">\n\n        \n                      <div class=\"uc-search-filter-indicator\"><i class='fas fa-search'><\/i><\/div>\n          \n\n      <\/div>\n\n  <\/div>\n<\/div>\n<!-- end Search Filter -->\t\t\t\t<\/div>\n\t\t\t\t<\/div>\n\t\t\t\t<div class=\"elementor-element elementor-element-5c9e50c elementor-widget elementor-widget-ucaddon_post_blocks\" data-id=\"5c9e50c\" data-element_type=\"widget\" data-widget_type=\"ucaddon_post_blocks.default\">\n\t\t\t\t<div class=\"elementor-widget-container\">\n\t\t\t\t\t\n<!-- start Post Blocks -->\n\n<style>\/* widget: Post Blocks *\/\n\n\n\n#uc_post_blocks_elementor_5c9e50c {\n    display:grid;\n}\n#uc_post_blocks_elementor_5c9e50c .ue_post_blocks_box\n{\n  overflow:hidden;\n}\n\n#uc_post_blocks_elementor_5c9e50c .ue_post_blocks_image\n{\n  overflow:hidden;\n}\n#uc_post_blocks_elementor_5c9e50c .ue_post_blocks_image img\n{\n  width:100%;\n  display:block;\n}\n#uc_post_blocks_elementor_5c9e50c .ue_post_blocks_link a\n{\n  display:inline-block;\n  text-decoration:none;\n  text-align:center;\n}\n\n\n#uc_post_blocks_elementor_5c9e50c .ue-grid-item-meta-data\n{\n  display:inlin-flex;\n  flex-wrap: wrap;\n}\n\n.ue-grid-item-meta-data\n{\n  font-size:12px;\n}\n\n#uc_post_blocks_elementor_5c9e50c .ue-grid-item-meta-data-icon\n{\n  line-height:1em;\n}\n\n#uc_post_blocks_elementor_5c9e50c .ue-grid-item-meta-data-icon svg\n{\n  width:1em;\n  height:1em;\n}\n\n#uc_post_blocks_elementor_5c9e50c .ue_post_blocks_box{\n  display: flex;\n  flex-direction: column;\n}\n#uc_post_blocks_elementor_5c9e50c .ue_post_blocks_content{\n display: flex; flex-grow: 1;\n flex-direction: column;\n}\n#uc_post_blocks_elementor_5c9e50c .ue_post_blocks_link{ margin-top: auto;\n}\n\n.ue-grid-item-category a\n{\n  display:inline-block;\n  font-size:10px;\n  text-transform:uppercase;\n}\n\n\n\n\n<\/style>\n\n<div id=\"uc_post_blocks_elementor_5c9e50c\" class=\"ue_post_blocks uc-items-wrapper uc-filterable-grid \"  data-ajax='true'  data-filterbehave='ajax'  querydata='{&quot;count_posts&quot;:5,&quot;total_posts&quot;:5,&quot;page&quot;:1,&quot;num_pages&quot;:1}'>\n    <div class=\"ue_post_blocks_box\">\n    <div class=\"ue_post_blocks_image\">\n    <a href=\"https:\/\/test29980.futurehost.pl\/uk\/%d0%b1%d0%b5%d1%80%d0%b5%d0%b7%d0%b5%d0%bd%d1%8c-%d0%ba%d0%b2%d1%96%d1%82%d0%b5%d0%bd%d1%8c-2025\/\" style=\"display:block;\"><img fetchpriority=\"high\" decoding=\"async\" src=\"https:\/\/test29980.futurehost.pl\/wp-content\/uploads\/2025\/05\/marzec-kwiecien2025.jpg\"  src=\"https:\/\/test29980.futurehost.pl\/wp-content\/uploads\/2025\/05\/marzec-kwiecien2025.jpg\" alt=\"marzec-kwiecien2025\" width=\"448\" height=\"639\"><\/a>\n  <\/div>\n    <div class=\"ue_post_blocks_content\">\n      \n     \n         \n    <div class=\"ue_post_blocks_title\"><a href=\"https:\/\/test29980.futurehost.pl\/uk\/%d0%b1%d0%b5%d1%80%d0%b5%d0%b7%d0%b5%d0%bd%d1%8c-%d0%ba%d0%b2%d1%96%d1%82%d0%b5%d0%bd%d1%8c-2025\/\">Marzec-Kwiecie\u0144 2025<\/a><\/div>    \n        \n    \n    <div class=\"ue_post_blocks_text\">\u0412\u0456\u0434\u043a\u0440\u0438\u0442\u0438 PDF<\/div>        \t<div class=\"ue_post_blocks_link\">\n          <a class=\" \" href='https:\/\/test29980.futurehost.pl\/uk\/%d0%b1%d0%b5%d1%80%d0%b5%d0%b7%d0%b5%d0%bd%d1%8c-%d0%ba%d0%b2%d1%96%d1%82%d0%b5%d0%bd%d1%8c-2025\/'>\u041f\u0415\u0420\u0415\u0413\u041b\u042f\u041d\u0423\u0422\u0418<\/a>\n    \t<\/div>\n      <\/div>\n<\/div>\n<div class=\"ue_post_blocks_box\">\n    <div class=\"ue_post_blocks_image\">\n    <a href=\"https:\/\/test29980.futurehost.pl\/uk\/%d0%bb%d1%8e%d1%82%d0%b8%d0%b9\/\" style=\"display:block;\"><img decoding=\"async\" src=\"https:\/\/test29980.futurehost.pl\/wp-content\/uploads\/2025\/04\/luty.jpg\"  src=\"https:\/\/test29980.futurehost.pl\/wp-content\/uploads\/2025\/04\/luty.jpg\" alt=\"luty\" width=\"458\" height=\"642\"><\/a>\n  <\/div>\n    <div class=\"ue_post_blocks_content\">\n      \n     \n         \n    <div class=\"ue_post_blocks_title\"><a href=\"https:\/\/test29980.futurehost.pl\/uk\/%d0%bb%d1%8e%d1%82%d0%b8%d0%b9\/\">Stycze\u0144-Luty 2025<\/a><\/div>    \n        \n    \n    <div class=\"ue_post_blocks_text\">\u0412\u0456\u0434\u043a\u0440\u0438\u0442\u0438 PDF<\/div>        \t<div class=\"ue_post_blocks_link\">\n          <a class=\" \" href='https:\/\/test29980.futurehost.pl\/uk\/%d0%bb%d1%8e%d1%82%d0%b8%d0%b9\/'>\u041f\u0415\u0420\u0415\u0413\u041b\u042f\u041d\u0423\u0422\u0418<\/a>\n    \t<\/div>\n      <\/div>\n<\/div>\n<div class=\"ue_post_blocks_box\">\n    <div class=\"ue_post_blocks_image\">\n    <a href=\"https:\/\/test29980.futurehost.pl\/uk\/%d0%b3%d1%80%d1%83%d0%b4%d0%b5%d0%bd%d1%8c\/\" style=\"display:block;\"><img decoding=\"async\" src=\"https:\/\/test29980.futurehost.pl\/wp-content\/uploads\/2025\/04\/grudzien.jpg\"  src=\"https:\/\/test29980.futurehost.pl\/wp-content\/uploads\/2025\/04\/grudzien.jpg\" alt=\"grudzien\" width=\"456\" height=\"645\"><\/a>\n  <\/div>\n    <div class=\"ue_post_blocks_content\">\n      \n     \n         \n    <div class=\"ue_post_blocks_title\"><a href=\"https:\/\/test29980.futurehost.pl\/uk\/%d0%b3%d1%80%d1%83%d0%b4%d0%b5%d0%bd%d1%8c\/\">Grudzie\u0144 2024<\/a><\/div>    \n        \n    \n    <div class=\"ue_post_blocks_text\">\u0412\u0456\u0434\u043a\u0440\u0438\u0442\u0438 PDF<\/div>        \t<div class=\"ue_post_blocks_link\">\n          <a class=\" \" href='https:\/\/test29980.futurehost.pl\/uk\/%d0%b3%d1%80%d1%83%d0%b4%d0%b5%d0%bd%d1%8c\/'>\u041f\u0415\u0420\u0415\u0413\u041b\u042f\u041d\u0423\u0422\u0418<\/a>\n    \t<\/div>\n      <\/div>\n<\/div>\n<div class=\"ue_post_blocks_box\">\n    <div class=\"ue_post_blocks_image\">\n    <a href=\"https:\/\/test29980.futurehost.pl\/uk\/%d0%b6%d0%be%d0%b2%d1%82%d0%b5%d0%bd%d1%8c-%d0%bb%d0%b8%d1%81%d1%82%d0%be%d0%bf%d0%b0%d0%b4\/\" style=\"display:block;\"><img loading=\"lazy\" decoding=\"async\" src=\"https:\/\/test29980.futurehost.pl\/wp-content\/uploads\/2025\/04\/pazdziernik.jpg\"  src=\"https:\/\/test29980.futurehost.pl\/wp-content\/uploads\/2025\/04\/pazdziernik.jpg\" alt=\"pazdziernik\" width=\"456\" height=\"644\"><\/a>\n  <\/div>\n    <div class=\"ue_post_blocks_content\">\n      \n     \n         \n    <div class=\"ue_post_blocks_title\"><a href=\"https:\/\/test29980.futurehost.pl\/uk\/%d0%b6%d0%be%d0%b2%d1%82%d0%b5%d0%bd%d1%8c-%d0%bb%d0%b8%d1%81%d1%82%d0%be%d0%bf%d0%b0%d0%b4\/\">Pa\u017adziernik-listopad 2024<\/a><\/div>    \n        \n    \n    <div class=\"ue_post_blocks_text\">\u0412\u0456\u0434\u043a\u0440\u0438\u0442\u0438 PDF<\/div>        \t<div class=\"ue_post_blocks_link\">\n          <a class=\" \" href='https:\/\/test29980.futurehost.pl\/uk\/%d0%b6%d0%be%d0%b2%d1%82%d0%b5%d0%bd%d1%8c-%d0%bb%d0%b8%d1%81%d1%82%d0%be%d0%bf%d0%b0%d0%b4\/'>\u041f\u0415\u0420\u0415\u0413\u041b\u042f\u041d\u0423\u0422\u0418<\/a>\n    \t<\/div>\n      <\/div>\n<\/div>\n<div class=\"ue_post_blocks_box\">\n    <div class=\"ue_post_blocks_image\">\n    <a href=\"https:\/\/test29980.futurehost.pl\/uk\/%d1%81%d0%b5%d1%80%d0%bf%d0%b5%d0%bd%d1%8c-%d0%b2%d0%b5%d1%80%d0%b5%d1%81%d0%b5%d0%bd%d1%8c\/\" style=\"display:block;\"><img loading=\"lazy\" decoding=\"async\" src=\"https:\/\/test29980.futurehost.pl\/wp-content\/uploads\/2025\/04\/sierpien.jpg\"  src=\"https:\/\/test29980.futurehost.pl\/wp-content\/uploads\/2025\/04\/sierpien.jpg\" alt=\"sierpien\" width=\"456\" height=\"643\"><\/a>\n  <\/div>\n    <div class=\"ue_post_blocks_content\">\n      \n     \n         \n    <div class=\"ue_post_blocks_title\"><a href=\"https:\/\/test29980.futurehost.pl\/uk\/%d1%81%d0%b5%d1%80%d0%bf%d0%b5%d0%bd%d1%8c-%d0%b2%d0%b5%d1%80%d0%b5%d1%81%d0%b5%d0%bd%d1%8c\/\">Sierpie\u0144-Wrzesie\u0144 2024<\/a><\/div>    \n        \n    \n    <div class=\"ue_post_blocks_text\">\u0412\u0456\u0434\u043a\u0440\u0438\u0442\u0438 PDF<\/div>        \t<div class=\"ue_post_blocks_link\">\n          <a class=\" \" href='https:\/\/test29980.futurehost.pl\/uk\/%d1%81%d0%b5%d1%80%d0%bf%d0%b5%d0%bd%d1%8c-%d0%b2%d0%b5%d1%80%d0%b5%d1%81%d0%b5%d0%bd%d1%8c\/'>\u041f\u0415\u0420\u0415\u0413\u041b\u042f\u041d\u0423\u0422\u0418<\/a>\n    \t<\/div>\n      <\/div>\n<\/div>\n\n<\/div>\n<!-- end Post Blocks -->\t\t\t\t<\/div>\n\t\t\t\t<\/div>\n\t\t\t\t<div class=\"elementor-element elementor-element-0c54607 elementor-widget elementor-widget-ucaddon_archive_pagination\" data-id=\"0c54607\" data-element_type=\"widget\" data-widget_type=\"ucaddon_archive_pagination.default\">\n\t\t\t\t<div class=\"elementor-widget-container\">\n\t\t\t\t\t\n<!-- start Post Pagination -->\n\n<style>\/* widget: Post Pagination *\/\n\n#uc_archive_pagination_elementor_0c54607 nav\n{\n  padding:0px;\n  margin:0px;\n}\n\n#uc_archive_pagination_elementor_0c54607 \n{\n  display:flex;\n  flex-wrap: wrap;\n  justify-content:center;\n}\n\n#uc_archive_pagination_elementor_0c54607 .nav-links\n{\n  display:flex;\n  justify-content:center;\n}\n\n#uc_archive_pagination_elementor_0c54607 .nav-links > *\n{\n}\n\n#uc_archive_pagination_elementor_0c54607 .page-numbers\n{\n  display:flex;\n  \n  align-items:center;\n  justify-content:center;\n  transition:0.3s;\n  line-height:1em;\n}\n\n\n#uc_archive_pagination_elementor_0c54607 a.page-numbers, #uc_archive_pagination_elementor_0c54607 .dots\n{\n  color:#000000;\n  background-color:;\n}\n\n#uc_archive_pagination_elementor_0c54607 a.page-numbers:hover\n{\n  color:#6e6e6e;\n  background-color:#eeeeee;\n}\n\n#uc_archive_pagination_elementor_0c54607 .page-numbers.current,\n#uc_archive_pagination_elementor_0c54607 .page-numbers.current:hover\n{\n  background-color:#000000;\n  color:#ffffff;\n}\n\n\n#uc_archive_pagination_elementor_0c54607 .page-numbers.prev, #uc_archive_pagination_elementor_0c54607 .page-numbers.next\n{\n  padding-left:15px;\n  padding-right:15px;\n}\n\n\n\n#uc_archive_pagination_elementor_0c54607 .prev:before {\n   font-family: \"Font Awesome 5 Free\";\n   content: \"\\f053\";\n   display: inline-block;\n   vertical-align: middle;\n   font-weight: 900;\n   padding-right:10px;}\n\n#uc_archive_pagination_elementor_0c54607 .next:after {\n   font-family: \"Font Awesome 5 Free\";\n   content: \"\\f054\";\n   display: inline-block;\n   vertical-align: middle;\n   font-weight: 900;\n   padding-left:10px;}\n\n#uc_archive_pagination_elementor_0c54607.uc-ajax-loading{\n\topacity:1 !important;\n}\n\n#uc_archive_pagination_elementor_0c54607.uc-ajax-loading .current{\n\tposition:relative;\n    overflow:hidden;\n}\n\n\n#uc_archive_pagination_elementor_0c54607.uc-ajax-loading .current:before{\n  content: \"\";\n  display:block;\n  width:100%;\n  height:100%;\n  box-sizing:border-box;\n  position:absolute;\n  top:0px;\n  left:0px;\n  background-color: #c2c2c2;\n  animation: uc-spinning-border 0.5s linear infinite;\n  opacity:50%;\n  border-radius:inherit;\n}\n\n@keyframes uc-spinning-border {\n\t0%{transform: scale(0);}\n\t100%{transform: scale(1); }\t\n}\n\n\n\n<\/style>\n\n<div id=\"uc_archive_pagination_elementor_0c54607\" class=\"archive_pagination uc-filter-pagination \">\n\n<\/div>\n<!-- end Post Pagination -->\t\t\t\t<\/div>\n\t\t\t\t<\/div>\n\t\t\t\t\t<\/div>\n\t\t\t\t<\/div>\n\t\t\t\t<\/div>\n\t\t","protected":false},"excerpt":{"rendered":"<p>JEDNO\u015a\u0106 Pa\u017adziernik &#8211; listopad Otw\u00f3rz PDF \u041f\u0415\u0420\u0415\u0413\u041b\u042f\u041d\u0423\u0422\u0418 Sierpie\u0144 &#8211; Wrzesie\u0144 Otw\u00f3rz PDF \u041f\u0415\u0420\u0415\u0413\u041b\u042f\u041d\u0423\u0422\u0418 Grudzie\u0144 Otw\u00f3rz PDF \u041f\u0415\u0420\u0415\u0413\u041b\u042f\u041d\u0423\u0422\u0418 Luty Otw\u00f3rz PDF \u041f\u0415\u0420\u0415\u0413\u041b\u042f\u041d\u0423\u0422\u0418<\/p>\n","protected":false},"author":1,"featured_media":0,"parent":0,"menu_order":0,"comment_status":"closed","ping_status":"closed","template":"","meta":{"site-sidebar-layout":"no-sidebar","site-content-layout":"","ast-site-content-layout":"full-width-container","site-content-style":"default","site-sidebar-style":"default","ast-global-header-display":"","ast-banner-title-visibility":"","ast-main-header-display":"","ast-hfb-above-header-display":"","ast-hfb-below-header-display":"","ast-hfb-mobile-header-display":"","site-post-title":"disabled","ast-breadcrumbs-content":"","ast-featured-img":"disabled","footer-sml-layout":"","theme-transparent-header-meta":"default","adv-header-id-meta":"","stick-header-meta":"","header-above-stick-meta":"","header-main-stick-meta":"","header-below-stick-meta":"","astra-migrate-meta-layouts":"default","ast-page-background-enabled":"default","ast-page-background-meta":{"desktop":{"background-color":"var(--ast-global-color-5)","background-image":"","background-repeat":"repeat","background-position":"center center","background-size":"auto","background-attachment":"scroll","background-type":"","background-media":"","overlay-type":"","overlay-color":"","overlay-opacity":"","overlay-gradient":""},"tablet":{"background-color":"","background-image":"","background-repeat":"repeat","background-position":"center center","background-size":"auto","background-attachment":"scroll","background-type":"","background-media":"","overlay-type":"","overlay-color":"","overlay-opacity":"","overlay-gradient":""},"mobile":{"background-color":"","background-image":"","background-repeat":"repeat","background-position":"center center","background-size":"auto","background-attachment":"scroll","background-type":"","background-media":"","overlay-type":"","overlay-color":"","overlay-opacity":"","overlay-gradient":""}},"ast-content-background-meta":{"desktop":{"background-color":"var(--ast-global-color-4)","background-image":"","background-repeat":"repeat","background-position":"center center","background-size":"auto","background-attachment":"scroll","background-type":"","background-media":"","overlay-type":"","overlay-color":"","overlay-opacity":"","overlay-gradient":""},"tablet":{"background-color":"var(--ast-global-color-4)","background-image":"","background-repeat":"repeat","background-position":"center center","background-size":"auto","background-attachment":"scroll","background-type":"","background-media":"","overlay-type":"","overlay-color":"","overlay-opacity":"","overlay-gradient":""},"mobile":{"background-color":"var(--ast-global-color-4)","background-image":"","background-repeat":"repeat","background-position":"center center","background-size":"auto","background-attachment":"scroll","background-type":"","background-media":"","overlay-type":"","overlay-color":"","overlay-opacity":"","overlay-gradient":""}},"ngg_post_thumbnail":0,"footnotes":""},"class_list":["post-1671","page","type-page","status-publish","hentry"],"_links":{"self":[{"href":"https:\/\/test29980.futurehost.pl\/uk\/wp-json\/wp\/v2\/pages\/1671","targetHints":{"allow":["GET"]}}],"collection":[{"href":"https:\/\/test29980.futurehost.pl\/uk\/wp-json\/wp\/v2\/pages"}],"about":[{"href":"https:\/\/test29980.futurehost.pl\/uk\/wp-json\/wp\/v2\/types\/page"}],"author":[{"embeddable":true,"href":"https:\/\/test29980.futurehost.pl\/uk\/wp-json\/wp\/v2\/users\/1"}],"replies":[{"embeddable":true,"href":"https:\/\/test29980.futurehost.pl\/uk\/wp-json\/wp\/v2\/comments?post=1671"}],"version-history":[{"count":4,"href":"https:\/\/test29980.futurehost.pl\/uk\/wp-json\/wp\/v2\/pages\/1671\/revisions"}],"predecessor-version":[{"id":3022,"href":"https:\/\/test29980.futurehost.pl\/uk\/wp-json\/wp\/v2\/pages\/1671\/revisions\/3022"}],"wp:attachment":[{"href":"https:\/\/test29980.futurehost.pl\/uk\/wp-json\/wp\/v2\/media?parent=1671"}],"curies":[{"name":"wp","href":"https:\/\/api.w.org\/{rel}","templated":true}]}}